{"id":2686,"date":"2022-11-03T22:25:19","date_gmt":"2022-11-03T21:25:19","guid":{"rendered":"https:\/\/www.globalstarregistry.com\/kontakt-oss\/"},"modified":"2022-11-07T18:02:07","modified_gmt":"2022-11-07T17:02:07","slug":"kontakt-oss","status":"publish","type":"page","link":"https:\/\/www.globalstarregistry.com\/sv\/kontakt-oss\/","title":{"rendered":"Kontakt oss"},"content":{"rendered":"\n<p><p><\/p><h2>Contact us:<\/h2><\/p>\n\n\n\n<p><p><\/p><p>Tveka inte att kontakta oss om du har n\u00e5gra fr\u00e5gor eller funderingar:\r\n<a href=\"mailto:support@globalstarregistry.com\">support@globalstarregistry.com<\/a><\/p><\/p>\n\n\n\n<p><p><\/p><p>Du hittar svar p\u00e5 de vanligaste fr\u00e5gorna p\u00e5 f\u00e5r <a href=\"https:\/\/www.globalstarregistry.com\/sv\/faq\/\">F&amp;Q sida<\/a><\/p><\/p>\n\n\n\n<p><p><\/p><p>Vi svarar p\u00e5 dina fr\u00e5gor s\u00e5 snabbt vi kan<\/p><\/p>\n","protected":false},"excerpt":{"rendered":"<p>Contact us: Tveka inte att kontakta oss om du har n\u00e5gra fr\u00e5gor eller funderingar: support@globalstarregistry.com Du hittar svar p\u00e5 de vanligaste fr\u00e5gorna p\u00e5 f\u00e5r F&amp;Q&#8230;<\/p>\n","protected":false},"author":2,"featured_media":0,"parent":0,"menu_order":0,"comment_status":"closed","ping_status":"closed","template":"","meta":{"footnotes":""},"class_list":["post-2686","page","type-page","status-publish","hentry"],"yoast_head":"<!-- This site is optimized with the Yoast SEO plugin v27.3 - https:\/\/yoast.com\/product\/yoast-seo-wordpress\/ -->\n<title>Kontakta oss - Global Star Registry\u2122<\/title>\n<meta name=\"description\" content=\"Kontakta Global Star Registry genom att maila oss eller fylla i v\u00e5rat kontaktformul\u00e4r. Vi besvarar dina fr\u00e5gor inom 1-2 arbetsdagar\" \/>\n<meta name=\"robots\" content=\"index, follow, max-snippet:-1, max-image-preview:large, max-video-preview:-1\" \/>\n<link rel=\"canonical\" href=\"https:\/\/www.globalstarregistry.com\/sv\/kontakt-oss\/\" \/>\n<meta property=\"og:locale\" content=\"sv_SE\" \/>\n<meta property=\"og:type\" content=\"article\" \/>\n<meta property=\"og:title\" content=\"Kontakta oss - Global Star Registry\u2122\" \/>\n<meta property=\"og:description\" content=\"Kontakta Global Star Registry genom att maila oss eller fylla i v\u00e5rat kontaktformul\u00e4r. Vi besvarar dina fr\u00e5gor inom 1-2 arbetsdagar\" \/>\n<meta property=\"og:url\" content=\"https:\/\/www.globalstarregistry.com\/sv\/kontakt-oss\/\" \/>\n<meta property=\"og:site_name\" content=\"Global star registry\" \/>\n<meta property=\"article:modified_time\" content=\"2022-11-07T17:02:07+00:00\" \/>\n<meta name=\"twitter:card\" content=\"summary_large_image\" \/>\n<meta name=\"twitter:label1\" content=\"Ber\u00e4knad l\u00e4stid\" \/>\n\t<meta name=\"twitter:data1\" content=\"1 minut\" \/>\n<script type=\"application\/ld+json\" class=\"yoast-schema-graph\">{\"@context\":\"https:\\\/\\\/schema.org\",\"@graph\":[{\"@type\":\"WebPage\",\"@id\":\"https:\\\/\\\/www.globalstarregistry.com\\\/sv\\\/kontakt-oss\\\/\",\"url\":\"https:\\\/\\\/www.globalstarregistry.com\\\/sv\\\/kontakt-oss\\\/\",\"name\":\"Kontakta oss - Global Star Registry\u2122\",\"isPartOf\":{\"@id\":\"https:\\\/\\\/www.globalstarregistry.com\\\/sv\\\/#website\"},\"datePublished\":\"2022-11-03T21:25:19+00:00\",\"dateModified\":\"2022-11-07T17:02:07+00:00\",\"description\":\"Kontakta Global Star Registry genom att maila oss eller fylla i v\u00e5rat kontaktformul\u00e4r. Vi besvarar dina fr\u00e5gor inom 1-2 arbetsdagar\",\"breadcrumb\":{\"@id\":\"https:\\\/\\\/www.globalstarregistry.com\\\/sv\\\/kontakt-oss\\\/#breadcrumb\"},\"inLanguage\":\"sv-SE\",\"potentialAction\":[{\"@type\":\"ReadAction\",\"target\":[\"https:\\\/\\\/www.globalstarregistry.com\\\/sv\\\/kontakt-oss\\\/\"]}]},{\"@type\":\"BreadcrumbList\",\"@id\":\"https:\\\/\\\/www.globalstarregistry.com\\\/sv\\\/kontakt-oss\\\/#breadcrumb\",\"itemListElement\":[{\"@type\":\"ListItem\",\"position\":1,\"name\":\"Home\",\"item\":\"https:\\\/\\\/www.globalstarregistry.com\\\/sv\\\/\"},{\"@type\":\"ListItem\",\"position\":2,\"name\":\"Kontakt oss\"}]},{\"@type\":\"WebSite\",\"@id\":\"https:\\\/\\\/www.globalstarregistry.com\\\/sv\\\/#website\",\"url\":\"https:\\\/\\\/www.globalstarregistry.com\\\/sv\\\/\",\"name\":\"Global star registry\",\"description\":\"NEW Version\",\"potentialAction\":[{\"@type\":\"SearchAction\",\"target\":{\"@type\":\"EntryPoint\",\"urlTemplate\":\"https:\\\/\\\/www.globalstarregistry.com\\\/sv\\\/?s={search_term_string}\"},\"query-input\":{\"@type\":\"PropertyValueSpecification\",\"valueRequired\":true,\"valueName\":\"search_term_string\"}}],\"inLanguage\":\"sv-SE\"}]}<\/script>\n<!-- \/ Yoast SEO plugin. -->","yoast_head_json":{"title":"Kontakta oss - Global Star Registry\u2122","description":"Kontakta Global Star Registry genom att maila oss eller fylla i v\u00e5rat kontaktformul\u00e4r. Vi besvarar dina fr\u00e5gor inom 1-2 arbetsdagar","robots":{"index":"index","follow":"follow","max-snippet":"max-snippet:-1","max-image-preview":"max-image-preview:large","max-video-preview":"max-video-preview:-1"},"canonical":"https:\/\/www.globalstarregistry.com\/sv\/kontakt-oss\/","og_locale":"sv_SE","og_type":"article","og_title":"Kontakta oss - Global Star Registry\u2122","og_description":"Kontakta Global Star Registry genom att maila oss eller fylla i v\u00e5rat kontaktformul\u00e4r. Vi besvarar dina fr\u00e5gor inom 1-2 arbetsdagar","og_url":"https:\/\/www.globalstarregistry.com\/sv\/kontakt-oss\/","og_site_name":"Global star registry","article_modified_time":"2022-11-07T17:02:07+00:00","twitter_card":"summary_large_image","twitter_misc":{"Ber\u00e4knad l\u00e4stid":"1 minut"},"schema":{"@context":"https:\/\/schema.org","@graph":[{"@type":"WebPage","@id":"https:\/\/www.globalstarregistry.com\/sv\/kontakt-oss\/","url":"https:\/\/www.globalstarregistry.com\/sv\/kontakt-oss\/","name":"Kontakta oss - Global Star Registry\u2122","isPartOf":{"@id":"https:\/\/www.globalstarregistry.com\/sv\/#website"},"datePublished":"2022-11-03T21:25:19+00:00","dateModified":"2022-11-07T17:02:07+00:00","description":"Kontakta Global Star Registry genom att maila oss eller fylla i v\u00e5rat kontaktformul\u00e4r. Vi besvarar dina fr\u00e5gor inom 1-2 arbetsdagar","breadcrumb":{"@id":"https:\/\/www.globalstarregistry.com\/sv\/kontakt-oss\/#breadcrumb"},"inLanguage":"sv-SE","potentialAction":[{"@type":"ReadAction","target":["https:\/\/www.globalstarregistry.com\/sv\/kontakt-oss\/"]}]},{"@type":"BreadcrumbList","@id":"https:\/\/www.globalstarregistry.com\/sv\/kontakt-oss\/#breadcrumb","itemListElement":[{"@type":"ListItem","position":1,"name":"Home","item":"https:\/\/www.globalstarregistry.com\/sv\/"},{"@type":"ListItem","position":2,"name":"Kontakt oss"}]},{"@type":"WebSite","@id":"https:\/\/www.globalstarregistry.com\/sv\/#website","url":"https:\/\/www.globalstarregistry.com\/sv\/","name":"Global star registry","description":"NEW Version","potentialAction":[{"@type":"SearchAction","target":{"@type":"EntryPoint","urlTemplate":"https:\/\/www.globalstarregistry.com\/sv\/?s={search_term_string}"},"query-input":{"@type":"PropertyValueSpecification","valueRequired":true,"valueName":"search_term_string"}}],"inLanguage":"sv-SE"}]}},"_links":{"self":[{"href":"https:\/\/www.globalstarregistry.com\/sv\/wp-json\/wp\/v2\/pages\/2686","targetHints":{"allow":["GET"]}}],"collection":[{"href":"https:\/\/www.globalstarregistry.com\/sv\/wp-json\/wp\/v2\/pages"}],"about":[{"href":"https:\/\/www.globalstarregistry.com\/sv\/wp-json\/wp\/v2\/types\/page"}],"author":[{"embeddable":true,"href":"https:\/\/www.globalstarregistry.com\/sv\/wp-json\/wp\/v2\/users\/2"}],"replies":[{"embeddable":true,"href":"https:\/\/www.globalstarregistry.com\/sv\/wp-json\/wp\/v2\/comments?post=2686"}],"version-history":[{"count":2,"href":"https:\/\/www.globalstarregistry.com\/sv\/wp-json\/wp\/v2\/pages\/2686\/revisions"}],"predecessor-version":[{"id":2763,"href":"https:\/\/www.globalstarregistry.com\/sv\/wp-json\/wp\/v2\/pages\/2686\/revisions\/2763"}],"wp:attachment":[{"href":"https:\/\/www.globalstarregistry.com\/sv\/wp-json\/wp\/v2\/media?parent=2686"}],"curies":[{"name":"wp","href":"https:\/\/api.w.org\/{rel}","templated":true}]}}